{"id":9138,"date":"2021-05-17T15:19:47","date_gmt":"2021-05-17T15:19:47","guid":{"rendered":"https:\/\/www.helgabeck.com\/product\/rough-diamond-star-ring\/"},"modified":"2025-08-27T13:27:14","modified_gmt":"2025-08-27T13:27:14","slug":"rough-diamond-star-ring","status":"publish","type":"product","link":"https:\/\/www.helgabeck.com\/en\/product\/rough-diamond-star-ring\/","title":{"rendered":"Rough Diamond Star"},"content":{"rendered":"<p>A stunning one of a kind rough diamond, setted in 18k gold.<br \/>\nSize: 50<br \/>\nMaterial: 18k gold, rough diamond<br \/>\nWeight: 4,8g<\/p>\n","protected":false},"excerpt":{"rendered":"<p>A stunning one of a kind rough diamond, setted in 18k gold.<\/p>\n<ul id=\"product-details\">\n<li>Auf Anfrage ist dieses Produkt m\u00f6glicherweise auch in einer anderen Legierung erh\u00e4ltlich. Falls Sie dies w\u00fcnschen, oder andere produktspezifische Fragen haben, kontaktieren Sie uns gerne <a href=\"[product_dynamic_url]\" target=\"_blank\" rel=\"noopener\"><strong><span style=\"color: #0274be;\"><span style=\"color: #333333;\">hier<\/span><\/span><\/strong><\/a><\/li>\n<li>Um mehr \u00fcber unsere <span style=\"color: #333333;\">verschiedenen <\/span>Vergoldungen und die Pflege Ihres Schmucks zu erfahren,<span style=\"color: #333333;\"><br \/>\n<a style=\"color: #333333;\" href=\"[jc_dynamic_url]\" target=\"_blank\" rel=\"noopener\" target=\"_blank\" rel=\"noopener\" target=\"_blank\" rel=\"noopener\"><strong>klicken Sie hier <\/strong><\/a><\/span><\/li>\n<li>Jedes St\u00fcck ist handgefertigt und kann daher vom abgebildeten Produkt abweichen<\/li>\n<li>Alle von uns verwendeten Edelmetalle sind entweder fairmined oder recycelt<\/li>\n<\/ul>\n","protected":false},"featured_media":8428,"comment_status":"open","ping_status":"closed","template":"","meta":{"site-sidebar-layout":"default","site-content-layout":"boxed-container","ast-site-content-layout":"default","site-content-style":"default","site-sidebar-style":"default","ast-global-header-display":"","ast-banner-title-visibility":"","ast-main-header-display":"","ast-hfb-above-header-display":"","ast-hfb-below-header-display":"","ast-hfb-mobile-header-display":"","site-post-title":"","ast-breadcrumbs-content":"","ast-featured-img":"","footer-sml-layout":"","ast-disable-related-posts":"","theme-transparent-header-meta":"disabled","adv-header-id-meta":"","stick-header-meta":"default","header-above-stick-meta":"","header-main-stick-meta":"","header-below-stick-meta":"","astra-migrate-meta-layouts":"default","ast-page-background-enabled":"default","ast-page-background-meta":{"desktop":{"background-color":"","background-image":"","background-repeat":"repeat","background-position":"center center","background-size":"auto","background-attachment":"scroll","background-type":"","background-media":"","overlay-type":"","overlay-color":"","overlay-opacity":"","overlay-gradient":""},"tablet":{"background-color":"","background-image":"","background-repeat":"repeat","background-position":"center center","background-size":"auto","background-attachment":"scroll","background-type":"","background-media":"","overlay-type":"","overlay-color":"","overlay-opacity":"","overlay-gradient":""},"mobile":{"background-color":"","background-image":"","background-repeat":"repeat","background-position":"center center","background-size":"auto","background-attachment":"scroll","background-type":"","background-media":"","overlay-type":"","overlay-color":"","overlay-opacity":"","overlay-gradient":""}},"ast-content-background-meta":{"desktop":{"background-color":"var(--ast-global-color-5)","background-image":"","background-repeat":"repeat","background-position":"center center","background-size":"auto","background-attachment":"scroll","background-type":"","background-media":"","overlay-type":"","overlay-color":"","overlay-opacity":"","overlay-gradient":""},"tablet":{"background-color":"var(--ast-global-color-5)","background-image":"","background-repeat":"repeat","background-position":"center center","background-size":"auto","background-attachment":"scroll","background-type":"","background-media":"","overlay-type":"","overlay-color":"","overlay-opacity":"","overlay-gradient":""},"mobile":{"background-color":"var(--ast-global-color-5)","background-image":"","background-repeat":"repeat","background-position":"center center","background-size":"auto","background-attachment":"scroll","background-type":"","background-media":"","overlay-type":"","overlay-color":"","overlay-opacity":"","overlay-gradient":""}}},"product_brand":[],"product_cat":[81],"product_tag":[75,76],"class_list":{"0":"post-9138","1":"product","2":"type-product","3":"status-publish","4":"has-post-thumbnail","6":"product_cat-rings-en","7":"product_tag-gemstones","8":"product_tag-gold-en","9":"desktop-align-center","10":"tablet-align-center","11":"mobile-align-center","12":"ast-product-gallery-layout-horizontal","13":"ast-magnify-disabled","14":"ast-product-tabs-layout-horizontal","16":"first","17":"outofstock","18":"taxable","19":"shipping-taxable","20":"purchasable","21":"product-type-simple"},"aioseo_notices":[],"aioseo_head":"\n\t\t<!-- All in One SEO Pro 4.9.6.2 - aioseo.com -->\n\t<meta name=\"description\" content=\"A stunning one of a kind rough diamond, setted in 18k gold. Auf Anfrage ist dieses Produkt m\u00f6glicherweise auch in einer anderen Legierung erh\u00e4ltlich. Falls Sie dies w\u00fcnschen, oder andere produktspezifische Fragen haben, kontaktieren Sie uns gerne hier Um mehr \u00fcber unsere verschiedenen Vergoldungen und die Pflege Ihres Schmucks zu erfahren, klicken Sie hier Jedes St\u00fcck ist handgefertigt und kann daher vom abgebildeten Produkt abweichen Alle von uns verwendeten Edelmetalle sind entweder fairmined oder recycelt\" \/>\n\t<meta name=\"robots\" content=\"max-image-preview:large\" \/>\n\t<link rel=\"canonical\" href=\"https:\/\/www.helgabeck.com\/en\/product\/rough-diamond-star-ring\/\" \/>\n\t<meta name=\"generator\" content=\"All in One SEO Pro (AIOSEO) 4.9.6.2\" \/>\n\t\t<meta property=\"og:locale\" content=\"en_US\" \/>\n\t\t<meta property=\"og:site_name\" content=\"Helga Beck - Handgefertigter Schmuck aus Wien\" \/>\n\t\t<meta property=\"og:type\" content=\"article\" \/>\n\t\t<meta property=\"og:title\" content=\"Rough Diamond Star - Helga Beck\" \/>\n\t\t<meta property=\"og:description\" content=\"A stunning one of a kind rough diamond, setted in 18k gold. Auf Anfrage ist dieses Produkt m\u00f6glicherweise auch in einer anderen Legierung erh\u00e4ltlich. Falls Sie dies w\u00fcnschen, oder andere produktspezifische Fragen haben, kontaktieren Sie uns gerne hier Um mehr \u00fcber unsere verschiedenen Vergoldungen und die Pflege Ihres Schmucks zu erfahren, klicken Sie hier Jedes St\u00fcck ist handgefertigt und kann daher vom abgebildeten Produkt abweichen Alle von uns verwendeten Edelmetalle sind entweder fairmined oder recycelt\" \/>\n\t\t<meta property=\"og:url\" content=\"https:\/\/www.helgabeck.com\/en\/product\/rough-diamond-star-ring\/\" \/>\n\t\t<meta property=\"og:image\" content=\"https:\/\/www.helgabeck.com\/wp-content\/uploads\/2024\/06\/aussergewoehnlich-fair.webp\" \/>\n\t\t<meta property=\"og:image:secure_url\" content=\"https:\/\/www.helgabeck.com\/wp-content\/uploads\/2024\/06\/aussergewoehnlich-fair.webp\" \/>\n\t\t<meta property=\"og:image:width\" content=\"800\" \/>\n\t\t<meta property=\"og:image:height\" content=\"800\" \/>\n\t\t<meta property=\"article:published_time\" content=\"2021-05-17T15:19:47+00:00\" \/>\n\t\t<meta property=\"article:modified_time\" content=\"2025-08-27T13:27:14+00:00\" \/>\n\t\t<meta property=\"article:publisher\" content=\"https:\/\/www.facebook.com\/p\/HELGA-BECK-100063568298139\" \/>\n\t\t<meta name=\"twitter:card\" content=\"summary_large_image\" \/>\n\t\t<meta name=\"twitter:title\" content=\"Rough Diamond Star - Helga Beck\" \/>\n\t\t<meta name=\"twitter:description\" content=\"A stunning one of a kind rough diamond, setted in 18k gold. Auf Anfrage ist dieses Produkt m\u00f6glicherweise auch in einer anderen Legierung erh\u00e4ltlich. Falls Sie dies w\u00fcnschen, oder andere produktspezifische Fragen haben, kontaktieren Sie uns gerne hier Um mehr \u00fcber unsere verschiedenen Vergoldungen und die Pflege Ihres Schmucks zu erfahren, klicken Sie hier Jedes St\u00fcck ist handgefertigt und kann daher vom abgebildeten Produkt abweichen Alle von uns verwendeten Edelmetalle sind entweder fairmined oder recycelt\" \/>\n\t\t<meta name=\"twitter:image\" content=\"https:\/\/www.helgabeck.com\/wp-content\/uploads\/2024\/06\/aussergewoehnlich-fair.webp\" \/>\n\t\t<script type=\"application\/ld+json\" class=\"aioseo-schema\">\n\t\t\t{\"@context\":\"https:\\\/\\\/schema.org\",\"@graph\":[{\"@type\":\"BreadcrumbList\",\"@id\":\"https:\\\/\\\/www.helgabeck.com\\\/en\\\/product\\\/rough-diamond-star-ring\\\/#breadcrumblist\",\"itemListElement\":[{\"@type\":\"ListItem\",\"@id\":\"https:\\\/\\\/www.helgabeck.com\\\/en\\\/#listItem\",\"position\":1,\"name\":\"Home\",\"item\":\"https:\\\/\\\/www.helgabeck.com\\\/en\\\/\",\"nextItem\":{\"@type\":\"ListItem\",\"@id\":\"https:\\\/\\\/www.helgabeck.com\\\/en\\\/shop\\\/#listItem\",\"name\":\"Store\"}},{\"@type\":\"ListItem\",\"@id\":\"https:\\\/\\\/www.helgabeck.com\\\/en\\\/shop\\\/#listItem\",\"position\":2,\"name\":\"Store\",\"item\":\"https:\\\/\\\/www.helgabeck.com\\\/en\\\/shop\\\/\",\"nextItem\":{\"@type\":\"ListItem\",\"@id\":\"https:\\\/\\\/www.helgabeck.com\\\/en\\\/product-category\\\/rings-en\\\/#listItem\",\"name\":\"Rings\"},\"previousItem\":{\"@type\":\"ListItem\",\"@id\":\"https:\\\/\\\/www.helgabeck.com\\\/en\\\/#listItem\",\"name\":\"Home\"}},{\"@type\":\"ListItem\",\"@id\":\"https:\\\/\\\/www.helgabeck.com\\\/en\\\/product-category\\\/rings-en\\\/#listItem\",\"position\":3,\"name\":\"Rings\",\"item\":\"https:\\\/\\\/www.helgabeck.com\\\/en\\\/product-category\\\/rings-en\\\/\",\"nextItem\":{\"@type\":\"ListItem\",\"@id\":\"https:\\\/\\\/www.helgabeck.com\\\/en\\\/product\\\/rough-diamond-star-ring\\\/#listItem\",\"name\":\"Rough Diamond Star\"},\"previousItem\":{\"@type\":\"ListItem\",\"@id\":\"https:\\\/\\\/www.helgabeck.com\\\/en\\\/shop\\\/#listItem\",\"name\":\"Store\"}},{\"@type\":\"ListItem\",\"@id\":\"https:\\\/\\\/www.helgabeck.com\\\/en\\\/product\\\/rough-diamond-star-ring\\\/#listItem\",\"position\":4,\"name\":\"Rough Diamond Star\",\"previousItem\":{\"@type\":\"ListItem\",\"@id\":\"https:\\\/\\\/www.helgabeck.com\\\/en\\\/product-category\\\/rings-en\\\/#listItem\",\"name\":\"Rings\"}}]},{\"@type\":\"Organization\",\"@id\":\"https:\\\/\\\/www.helgabeck.com\\\/en\\\/#organization\",\"name\":\"Helga Beck\",\"description\":\"HELGA BECK ist ein Mutter-Tochter Goldschmiedekollektiv mit Sitz in Wien. Gemeinsam kreieren sie zeitgen\\u00f6ssischen Schmuck aus Gold und Silber, der Rauheit mit Eleganz verbindet.\",\"url\":\"https:\\\/\\\/www.helgabeck.com\\\/en\\\/\",\"email\":\"info@helgabeck.com\",\"telephone\":\"+436642101605\",\"logo\":{\"@type\":\"ImageObject\",\"url\":\"https:\\\/\\\/www.helgabeck.com\\\/wp-content\\\/uploads\\\/2024\\\/06\\\/logo_schwarz_neu.webp\",\"@id\":\"https:\\\/\\\/www.helgabeck.com\\\/en\\\/product\\\/rough-diamond-star-ring\\\/#organizationLogo\",\"width\":300,\"height\":100,\"caption\":\"Das Logo von Helga Beck Schmuck in schwarz.\"},\"image\":{\"@id\":\"https:\\\/\\\/www.helgabeck.com\\\/en\\\/product\\\/rough-diamond-star-ring\\\/#organizationLogo\"},\"sameAs\":[\"https:\\\/\\\/www.facebook.com\\\/p\\\/HELGA-BECK-100063568298139\",\"https:\\\/\\\/www.instagram.com\\\/helgabeck\"],\"address\":{\"@id\":\"https:\\\/\\\/www.helgabeck.com\\\/en\\\/#postaladdress\",\"@type\":\"PostalAddress\",\"streetAddress\":\"Hernalser Hauptstra\\u00dfe 164,\",\"postalCode\":\"1170\",\"addressLocality\":\"Wien\",\"addressRegion\":\"Wien\",\"addressCountry\":\"AT\"},\"vatID\":\"ATU75069239\"},{\"@type\":\"Product\",\"@id\":\"https:\\\/\\\/www.helgabeck.com\\\/en\\\/product\\\/rough-diamond-star-ring\\\/#wooCommerceProduct\",\"name\":\"Rough Diamond Star\",\"description\":\"A stunning one of a kind rough diamond, setted in 18k gold.\\r\\n\\r\\n \\tAuf Anfrage ist dieses Produkt m\\u00f6glicherweise auch in einer anderen Legierung erh\\u00e4ltlich. Falls Sie dies w\\u00fcnschen, oder andere produktspezifische Fragen haben, kontaktieren Sie uns gerne hier\\r\\n \\tUm mehr \\u00fcber unsere verschiedenen Vergoldungen und die Pflege Ihres Schmucks zu erfahren,\\r\\nklicken Sie hier \\r\\n \\tJedes St\\u00fcck ist handgefertigt und kann daher vom abgebildeten Produkt abweichen\\r\\n \\tAlle von uns verwendeten Edelmetalle sind entweder fairmined oder recycelt\",\"url\":\"https:\\\/\\\/www.helgabeck.com\\\/en\\\/product\\\/rough-diamond-star-ring\\\/\",\"image\":{\"@type\":\"ImageObject\",\"url\":\"https:\\\/\\\/www.helgabeck.com\\\/wp-content\\\/uploads\\\/2021\\\/05\\\/Rough-Diamond-Star-Hauptbild.jpg\",\"@id\":\"https:\\\/\\\/www.helgabeck.com\\\/en\\\/product\\\/rough-diamond-star-ring\\\/#productImage\",\"width\":500,\"height\":500},\"offers\":{\"@type\":\"Offer\",\"url\":\"https:\\\/\\\/www.helgabeck.com\\\/en\\\/product\\\/rough-diamond-star-ring\\\/#wooCommerceOffer\",\"price\":1075,\"priceCurrency\":\"EUR\",\"category\":\"Rings\",\"availability\":\"https:\\\/\\\/schema.org\\\/OutOfStock\",\"priceSpecification\":{\"@type\":\"PriceSpecification\",\"price\":1075,\"priceCurrency\":\"EUR\",\"valueAddedTaxIncluded\":\"true\"},\"seller\":{\"@type\":\"Organization\",\"@id\":\"https:\\\/\\\/www.helgabeck.com\\\/en\\\/#organization\"}}},{\"@type\":\"WebPage\",\"@id\":\"https:\\\/\\\/www.helgabeck.com\\\/en\\\/product\\\/rough-diamond-star-ring\\\/#webpage\",\"url\":\"https:\\\/\\\/www.helgabeck.com\\\/en\\\/product\\\/rough-diamond-star-ring\\\/\",\"name\":\"Rough Diamond Star - Helga Beck\",\"description\":\"A stunning one of a kind rough diamond, setted in 18k gold. Auf Anfrage ist dieses Produkt m\\u00f6glicherweise auch in einer anderen Legierung erh\\u00e4ltlich. Falls Sie dies w\\u00fcnschen, oder andere produktspezifische Fragen haben, kontaktieren Sie uns gerne hier Um mehr \\u00fcber unsere verschiedenen Vergoldungen und die Pflege Ihres Schmucks zu erfahren, klicken Sie hier Jedes St\\u00fcck ist handgefertigt und kann daher vom abgebildeten Produkt abweichen Alle von uns verwendeten Edelmetalle sind entweder fairmined oder recycelt\",\"inLanguage\":\"en-US\",\"isPartOf\":{\"@id\":\"https:\\\/\\\/www.helgabeck.com\\\/en\\\/#website\"},\"breadcrumb\":{\"@id\":\"https:\\\/\\\/www.helgabeck.com\\\/en\\\/product\\\/rough-diamond-star-ring\\\/#breadcrumblist\"},\"image\":{\"@type\":\"ImageObject\",\"url\":\"https:\\\/\\\/www.helgabeck.com\\\/wp-content\\\/uploads\\\/2021\\\/05\\\/Rough-Diamond-Star-Hauptbild.jpg\",\"@id\":\"https:\\\/\\\/www.helgabeck.com\\\/en\\\/product\\\/rough-diamond-star-ring\\\/#mainImage\",\"width\":500,\"height\":500},\"primaryImageOfPage\":{\"@id\":\"https:\\\/\\\/www.helgabeck.com\\\/en\\\/product\\\/rough-diamond-star-ring\\\/#mainImage\"},\"datePublished\":\"2021-05-17T15:19:47+00:00\",\"dateModified\":\"2025-08-27T13:27:14+00:00\"},{\"@type\":\"WebSite\",\"@id\":\"https:\\\/\\\/www.helgabeck.com\\\/en\\\/#website\",\"url\":\"https:\\\/\\\/www.helgabeck.com\\\/en\\\/\",\"name\":\"Helga Beck\",\"description\":\"Handgefertigter Schmuck aus Wien\",\"inLanguage\":\"en-US\",\"publisher\":{\"@id\":\"https:\\\/\\\/www.helgabeck.com\\\/en\\\/#organization\"}}]}\n\t\t<\/script>\n\t\t<!-- All in One SEO Pro -->\r\n\t\t<title>Rough Diamond Star - Helga Beck<\/title>\n\n","aioseo_head_json":{"title":"Rough Diamond Star - Helga Beck","description":"A stunning one of a kind rough diamond, setted in 18k gold. Auf Anfrage ist dieses Produkt m\u00f6glicherweise auch in einer anderen Legierung erh\u00e4ltlich. Falls Sie dies w\u00fcnschen, oder andere produktspezifische Fragen haben, kontaktieren Sie uns gerne hier Um mehr \u00fcber unsere verschiedenen Vergoldungen und die Pflege Ihres Schmucks zu erfahren, klicken Sie hier Jedes St\u00fcck ist handgefertigt und kann daher vom abgebildeten Produkt abweichen Alle von uns verwendeten Edelmetalle sind entweder fairmined oder recycelt","canonical_url":"https:\/\/www.helgabeck.com\/en\/product\/rough-diamond-star-ring\/","robots":"max-image-preview:large","keywords":"","webmasterTools":{"miscellaneous":""},"schema":{"@context":"https:\/\/schema.org","@graph":[{"@type":"BreadcrumbList","@id":"https:\/\/www.helgabeck.com\/en\/product\/rough-diamond-star-ring\/#breadcrumblist","itemListElement":[{"@type":"ListItem","@id":"https:\/\/www.helgabeck.com\/en\/#listItem","position":1,"name":"Home","item":"https:\/\/www.helgabeck.com\/en\/","nextItem":{"@type":"ListItem","@id":"https:\/\/www.helgabeck.com\/en\/shop\/#listItem","name":"Store"}},{"@type":"ListItem","@id":"https:\/\/www.helgabeck.com\/en\/shop\/#listItem","position":2,"name":"Store","item":"https:\/\/www.helgabeck.com\/en\/shop\/","nextItem":{"@type":"ListItem","@id":"https:\/\/www.helgabeck.com\/en\/product-category\/rings-en\/#listItem","name":"Rings"},"previousItem":{"@type":"ListItem","@id":"https:\/\/www.helgabeck.com\/en\/#listItem","name":"Home"}},{"@type":"ListItem","@id":"https:\/\/www.helgabeck.com\/en\/product-category\/rings-en\/#listItem","position":3,"name":"Rings","item":"https:\/\/www.helgabeck.com\/en\/product-category\/rings-en\/","nextItem":{"@type":"ListItem","@id":"https:\/\/www.helgabeck.com\/en\/product\/rough-diamond-star-ring\/#listItem","name":"Rough Diamond Star"},"previousItem":{"@type":"ListItem","@id":"https:\/\/www.helgabeck.com\/en\/shop\/#listItem","name":"Store"}},{"@type":"ListItem","@id":"https:\/\/www.helgabeck.com\/en\/product\/rough-diamond-star-ring\/#listItem","position":4,"name":"Rough Diamond Star","previousItem":{"@type":"ListItem","@id":"https:\/\/www.helgabeck.com\/en\/product-category\/rings-en\/#listItem","name":"Rings"}}]},{"@type":"Organization","@id":"https:\/\/www.helgabeck.com\/en\/#organization","name":"Helga Beck","description":"HELGA BECK ist ein Mutter-Tochter Goldschmiedekollektiv mit Sitz in Wien. Gemeinsam kreieren sie zeitgen\u00f6ssischen Schmuck aus Gold und Silber, der Rauheit mit Eleganz verbindet.","url":"https:\/\/www.helgabeck.com\/en\/","email":"info@helgabeck.com","telephone":"+436642101605","logo":{"@type":"ImageObject","url":"https:\/\/www.helgabeck.com\/wp-content\/uploads\/2024\/06\/logo_schwarz_neu.webp","@id":"https:\/\/www.helgabeck.com\/en\/product\/rough-diamond-star-ring\/#organizationLogo","width":300,"height":100,"caption":"Das Logo von Helga Beck Schmuck in schwarz."},"image":{"@id":"https:\/\/www.helgabeck.com\/en\/product\/rough-diamond-star-ring\/#organizationLogo"},"sameAs":["https:\/\/www.facebook.com\/p\/HELGA-BECK-100063568298139","https:\/\/www.instagram.com\/helgabeck"],"address":{"@id":"https:\/\/www.helgabeck.com\/en\/#postaladdress","@type":"PostalAddress","streetAddress":"Hernalser Hauptstra\u00dfe 164,","postalCode":"1170","addressLocality":"Wien","addressRegion":"Wien","addressCountry":"AT"},"vatID":"ATU75069239"},{"@type":"Product","@id":"https:\/\/www.helgabeck.com\/en\/product\/rough-diamond-star-ring\/#wooCommerceProduct","name":"Rough Diamond Star","description":"A stunning one of a kind rough diamond, setted in 18k gold.\r\n\r\n \tAuf Anfrage ist dieses Produkt m\u00f6glicherweise auch in einer anderen Legierung erh\u00e4ltlich. Falls Sie dies w\u00fcnschen, oder andere produktspezifische Fragen haben, kontaktieren Sie uns gerne hier\r\n \tUm mehr \u00fcber unsere verschiedenen Vergoldungen und die Pflege Ihres Schmucks zu erfahren,\r\nklicken Sie hier \r\n \tJedes St\u00fcck ist handgefertigt und kann daher vom abgebildeten Produkt abweichen\r\n \tAlle von uns verwendeten Edelmetalle sind entweder fairmined oder recycelt","url":"https:\/\/www.helgabeck.com\/en\/product\/rough-diamond-star-ring\/","image":{"@type":"ImageObject","url":"https:\/\/www.helgabeck.com\/wp-content\/uploads\/2021\/05\/Rough-Diamond-Star-Hauptbild.jpg","@id":"https:\/\/www.helgabeck.com\/en\/product\/rough-diamond-star-ring\/#productImage","width":500,"height":500},"offers":{"@type":"Offer","url":"https:\/\/www.helgabeck.com\/en\/product\/rough-diamond-star-ring\/#wooCommerceOffer","price":1075,"priceCurrency":"EUR","category":"Rings","availability":"https:\/\/schema.org\/OutOfStock","priceSpecification":{"@type":"PriceSpecification","price":1075,"priceCurrency":"EUR","valueAddedTaxIncluded":"true"},"seller":{"@type":"Organization","@id":"https:\/\/www.helgabeck.com\/en\/#organization"}}},{"@type":"WebPage","@id":"https:\/\/www.helgabeck.com\/en\/product\/rough-diamond-star-ring\/#webpage","url":"https:\/\/www.helgabeck.com\/en\/product\/rough-diamond-star-ring\/","name":"Rough Diamond Star - Helga Beck","description":"A stunning one of a kind rough diamond, setted in 18k gold. Auf Anfrage ist dieses Produkt m\u00f6glicherweise auch in einer anderen Legierung erh\u00e4ltlich. Falls Sie dies w\u00fcnschen, oder andere produktspezifische Fragen haben, kontaktieren Sie uns gerne hier Um mehr \u00fcber unsere verschiedenen Vergoldungen und die Pflege Ihres Schmucks zu erfahren, klicken Sie hier Jedes St\u00fcck ist handgefertigt und kann daher vom abgebildeten Produkt abweichen Alle von uns verwendeten Edelmetalle sind entweder fairmined oder recycelt","inLanguage":"en-US","isPartOf":{"@id":"https:\/\/www.helgabeck.com\/en\/#website"},"breadcrumb":{"@id":"https:\/\/www.helgabeck.com\/en\/product\/rough-diamond-star-ring\/#breadcrumblist"},"image":{"@type":"ImageObject","url":"https:\/\/www.helgabeck.com\/wp-content\/uploads\/2021\/05\/Rough-Diamond-Star-Hauptbild.jpg","@id":"https:\/\/www.helgabeck.com\/en\/product\/rough-diamond-star-ring\/#mainImage","width":500,"height":500},"primaryImageOfPage":{"@id":"https:\/\/www.helgabeck.com\/en\/product\/rough-diamond-star-ring\/#mainImage"},"datePublished":"2021-05-17T15:19:47+00:00","dateModified":"2025-08-27T13:27:14+00:00"},{"@type":"WebSite","@id":"https:\/\/www.helgabeck.com\/en\/#website","url":"https:\/\/www.helgabeck.com\/en\/","name":"Helga Beck","description":"Handgefertigter Schmuck aus Wien","inLanguage":"en-US","publisher":{"@id":"https:\/\/www.helgabeck.com\/en\/#organization"}}]},"og:locale":"en_US","og:site_name":"Helga Beck - Handgefertigter Schmuck aus Wien","og:type":"article","og:title":"Rough Diamond Star - Helga Beck","og:description":"A stunning one of a kind rough diamond, setted in 18k gold. Auf Anfrage ist dieses Produkt m\u00f6glicherweise auch in einer anderen Legierung erh\u00e4ltlich. Falls Sie dies w\u00fcnschen, oder andere produktspezifische Fragen haben, kontaktieren Sie uns gerne hier Um mehr \u00fcber unsere verschiedenen Vergoldungen und die Pflege Ihres Schmucks zu erfahren, klicken Sie hier Jedes St\u00fcck ist handgefertigt und kann daher vom abgebildeten Produkt abweichen Alle von uns verwendeten Edelmetalle sind entweder fairmined oder recycelt","og:url":"https:\/\/www.helgabeck.com\/en\/product\/rough-diamond-star-ring\/","og:image":"https:\/\/www.helgabeck.com\/wp-content\/uploads\/2024\/06\/aussergewoehnlich-fair.webp","og:image:secure_url":"https:\/\/www.helgabeck.com\/wp-content\/uploads\/2024\/06\/aussergewoehnlich-fair.webp","og:image:width":800,"og:image:height":800,"article:published_time":"2021-05-17T15:19:47+00:00","article:modified_time":"2025-08-27T13:27:14+00:00","article:publisher":"https:\/\/www.facebook.com\/p\/HELGA-BECK-100063568298139","twitter:card":"summary_large_image","twitter:title":"Rough Diamond Star - Helga Beck","twitter:description":"A stunning one of a kind rough diamond, setted in 18k gold. Auf Anfrage ist dieses Produkt m\u00f6glicherweise auch in einer anderen Legierung erh\u00e4ltlich. Falls Sie dies w\u00fcnschen, oder andere produktspezifische Fragen haben, kontaktieren Sie uns gerne hier Um mehr \u00fcber unsere verschiedenen Vergoldungen und die Pflege Ihres Schmucks zu erfahren, klicken Sie hier Jedes St\u00fcck ist handgefertigt und kann daher vom abgebildeten Produkt abweichen Alle von uns verwendeten Edelmetalle sind entweder fairmined oder recycelt","twitter:image":"https:\/\/www.helgabeck.com\/wp-content\/uploads\/2024\/06\/aussergewoehnlich-fair.webp"},"aioseo_meta_data":{"post_id":"9138","title":null,"description":null,"keywords":null,"keyphrases":null,"primary_term":null,"canonical_url":null,"og_title":null,"og_description":null,"og_object_type":"default","og_image_type":"default","og_image_url":null,"og_image_width":null,"og_image_height":null,"og_image_custom_url":null,"og_image_custom_fields":null,"og_video":null,"og_custom_url":null,"og_article_section":null,"og_article_tags":null,"twitter_use_og":false,"twitter_card":"default","twitter_image_type":"default","twitter_image_url":null,"twitter_image_custom_url":null,"twitter_image_custom_fields":null,"twitter_title":null,"twitter_description":null,"schema":{"blockGraphs":[],"customGraphs":[],"default":{"data":{"Article":[],"Course":[],"Dataset":[],"FAQPage":[],"Movie":[],"Person":[],"Product":[],"ProductReview":[],"Car":[],"Recipe":[],"Service":[],"SoftwareApplication":[],"WebPage":[]},"graphName":"","isEnabled":true},"graphs":[]},"schema_type":"default","schema_type_options":null,"pillar_content":false,"robots_default":true,"robots_noindex":false,"robots_noarchive":false,"robots_nosnippet":false,"robots_nofollow":false,"robots_noimageindex":false,"robots_noodp":false,"robots_notranslate":false,"robots_max_snippet":null,"robots_max_videopreview":null,"robots_max_imagepreview":"large","priority":null,"frequency":null,"local_seo":null,"seo_analyzer_scan_date":"2025-10-08 22:20:25","breadcrumb_settings":null,"limit_modified_date":false,"open_ai":null,"ai":null,"created":"2024-06-18 12:02:28","updated":"2025-10-08 22:20:25"},"aioseo_breadcrumb":"<div class=\"aioseo-breadcrumbs\"><span class=\"aioseo-breadcrumb\">\n\t<a href=\"https:\/\/www.helgabeck.com\/en\/\" title=\"Home\">Home<\/a>\n<\/span><span class=\"aioseo-breadcrumb-separator\">&raquo;<\/span><span class=\"aioseo-breadcrumb\">\n\t<a href=\"https:\/\/www.helgabeck.com\/en\/shop\/\" title=\"Store\">Store<\/a>\n<\/span><span class=\"aioseo-breadcrumb-separator\">&raquo;<\/span><span class=\"aioseo-breadcrumb\">\n\t<a href=\"https:\/\/www.helgabeck.com\/en\/product-category\/rings-en\/\" title=\"Rings\">Rings<\/a>\n<\/span><span class=\"aioseo-breadcrumb-separator\">&raquo;<\/span><span class=\"aioseo-breadcrumb\">\n\tRough Diamond Star\n<\/span><\/div>","aioseo_breadcrumb_json":[{"label":"Home","link":"https:\/\/www.helgabeck.com\/en\/"},{"label":"Store","link":"https:\/\/www.helgabeck.com\/en\/shop\/"},{"label":"Rings","link":"https:\/\/www.helgabeck.com\/en\/product-category\/rings-en\/"},{"label":"Rough Diamond Star","link":"https:\/\/www.helgabeck.com\/en\/product\/rough-diamond-star-ring\/"}],"_links":{"self":[{"href":"https:\/\/www.helgabeck.com\/en\/wp-json\/wp\/v2\/product\/9138","targetHints":{"allow":["GET"]}}],"collection":[{"href":"https:\/\/www.helgabeck.com\/en\/wp-json\/wp\/v2\/product"}],"about":[{"href":"https:\/\/www.helgabeck.com\/en\/wp-json\/wp\/v2\/types\/product"}],"replies":[{"embeddable":true,"href":"https:\/\/www.helgabeck.com\/en\/wp-json\/wp\/v2\/comments?post=9138"}],"wp:featuredmedia":[{"embeddable":true,"href":"https:\/\/www.helgabeck.com\/en\/wp-json\/wp\/v2\/media\/8428"}],"wp:attachment":[{"href":"https:\/\/www.helgabeck.com\/en\/wp-json\/wp\/v2\/media?parent=9138"}],"wp:term":[{"taxonomy":"product_brand","embeddable":true,"href":"https:\/\/www.helgabeck.com\/en\/wp-json\/wp\/v2\/product_brand?post=9138"},{"taxonomy":"product_cat","embeddable":true,"href":"https:\/\/www.helgabeck.com\/en\/wp-json\/wp\/v2\/product_cat?post=9138"},{"taxonomy":"product_tag","embeddable":true,"href":"https:\/\/www.helgabeck.com\/en\/wp-json\/wp\/v2\/product_tag?post=9138"}],"curies":[{"name":"wp","href":"https:\/\/api.w.org\/{rel}","templated":true}]}}